{"id":70,"date":"2022-01-11T09:12:03","date_gmt":"2022-01-11T08:12:03","guid":{"rendered":"https:\/\/www.poru-test.de\/?page_id=70"},"modified":"2022-01-11T09:12:03","modified_gmt":"2022-01-11T08:12:03","slug":"fuehrerscheinklassen","status":"publish","type":"page","link":"https:\/\/www.fahrschule-schoenthier.de\/?page_id=70","title":{"rendered":"F\u00fchrerscheinklassen"},"content":{"rendered":"<div id=\"pl-70\"  class=\"panel-layout\" ><div id=\"pg-70-0\"  class=\"panel-grid panel-no-style\" ><div id=\"pgc-70-0-0\"  class=\"panel-grid-cell\" ><div id=\"panel-70-0-0-0\" class=\"so-panel widget widget_text panel-first-child panel-last-child\" data-index=\"0\" >\t\t\t<div class=\"textwidget\"><p>AM<\/p>\n<\/div>\n\t\t<\/div><\/div><div id=\"pgc-70-0-1\"  class=\"panel-grid-cell\" ><div id=\"panel-70-0-1-0\" class=\"so-panel widget widget_text panel-first-child panel-last-child\" data-index=\"1\" >\t\t\t<div class=\"textwidget\"><p>Zwei- und dreir\u00e4drige Kleinkraftr\u00e4der bis max. 45 km\/h bbH und max. 50cm\u00b3. Vierr\u00e4drige Leicht \u2013 Kfz bis max. 45 km\/h bbH und max. 50 cm\u00b3. Leermasse max. 350 kg. Mindestalter 15 Jahre.<\/p>\n<\/div>\n\t\t<\/div><\/div><\/div><div id=\"pg-70-1\"  class=\"panel-grid panel-no-style\" ><div id=\"pgc-70-1-0\"  class=\"panel-grid-cell\" ><div id=\"panel-70-1-0-0\" class=\"so-panel widget widget_text panel-first-child panel-last-child\" data-index=\"2\" >\t\t\t<div class=\"textwidget\"><p>A1<\/p>\n<\/div>\n\t\t<\/div><\/div><div id=\"pgc-70-1-1\"  class=\"panel-grid-cell\" ><div id=\"panel-70-1-1-0\" class=\"so-panel widget widget_text panel-first-child panel-last-child\" data-index=\"3\" >\t\t\t<div class=\"textwidget\"><p>Kraftr\u00e4der max. 125 cm\u00b3 bis 11 kW (15 PS) Verh\u00e4ltnis Leistung \/ Gewicht max. 0,1 kW \/ kg. Dreir\u00e4drige Kfz mit symmetrisch angeordneten R\u00e4dern bis max. 15 kW. Mindestalter 16 Jahre.<\/p>\n<\/div>\n\t\t<\/div><\/div><\/div><div id=\"pg-70-2\"  class=\"panel-grid panel-no-style\" ><div id=\"pgc-70-2-0\"  class=\"panel-grid-cell\" ><div id=\"panel-70-2-0-0\" class=\"so-panel widget widget_text panel-first-child panel-last-child\" data-index=\"4\" >\t\t\t<div class=\"textwidget\"><p>A2<\/p>\n<\/div>\n\t\t<\/div><\/div><div id=\"pgc-70-2-1\"  class=\"panel-grid-cell\" ><div id=\"panel-70-2-1-0\" class=\"so-panel widget widget_text panel-first-child panel-last-child\" data-index=\"5\" >\t\t\t<div class=\"textwidget\"><p>Kraftr\u00e4der bis max. 35 kW (48 PS) Verh\u00e4ltnis Leistung \/ Gewicht max. 0,2 kW \/ kg. Mindestalter 18 Jahre.<\/p>\n<\/div>\n\t\t<\/div><\/div><\/div><div id=\"pg-70-3\"  class=\"panel-grid panel-no-style\" ><div id=\"pgc-70-3-0\"  class=\"panel-grid-cell\" ><div id=\"panel-70-3-0-0\" class=\"so-panel widget widget_text panel-first-child panel-last-child\" data-index=\"6\" >\t\t\t<div class=\"textwidget\"><p>A<\/p>\n<\/div>\n\t\t<\/div><\/div><div id=\"pgc-70-3-1\"  class=\"panel-grid-cell\" ><div id=\"panel-70-3-1-0\" class=\"so-panel widget widget_text panel-first-child panel-last-child\" data-index=\"7\" >\t\t\t<div class=\"textwidget\"><p>Kraftr\u00e4der ohne Leistungsbeschr\u00e4nkung. Dreir\u00e4drige Kraftfahrzeuge mit mehr als 15 kW. Mindestalter: 20 Jahre bei Aufstieg von A2 auf A, 21 Jahre f\u00fcr Trikes und 24 Jahre bei Direkteinstieg.<\/p>\n<\/div>\n\t\t<\/div><\/div><\/div><div id=\"pg-70-4\"  class=\"panel-grid panel-no-style\" ><div id=\"pgc-70-4-0\"  class=\"panel-grid-cell\" ><div id=\"panel-70-4-0-0\" class=\"so-panel widget widget_text panel-first-child panel-last-child\" data-index=\"8\" >\t\t\t<div class=\"textwidget\"><p>B<\/p>\n<\/div>\n\t\t<\/div><\/div><div id=\"pgc-70-4-1\"  class=\"panel-grid-cell\" ><div id=\"panel-70-4-1-0\" class=\"so-panel widget widget_text panel-first-child panel-last-child\" data-index=\"9\" >\t\t\t<div class=\"textwidget\"><p>Kraftwagen bis 3,5 t und max. 8 Personen au\u00dfer dem Fahrer. Anh\u00e4ngerregelung: Anh. mit z.G. max. 750 kg immer erlaubt. Anh. mit z.G. \u00fcber 750 kg erlaubt, wenn z.G. der Fahrzeugkombination max. 3500 kg. Mindestalter 18 Jahre , 17 Jahre beim Begleiteten Fahren.<\/p>\n<\/div>\n\t\t<\/div><\/div><\/div><div id=\"pg-70-5\"  class=\"panel-grid panel-no-style\" ><div id=\"pgc-70-5-0\"  class=\"panel-grid-cell\" ><div id=\"panel-70-5-0-0\" class=\"so-panel widget widget_text panel-first-child panel-last-child\" data-index=\"10\" >\t\t\t<div class=\"textwidget\"><p>B96<\/p>\n<\/div>\n\t\t<\/div><\/div><div id=\"pgc-70-5-1\"  class=\"panel-grid-cell\" ><div id=\"panel-70-5-1-0\" class=\"so-panel widget widget_text panel-first-child panel-last-child\" data-index=\"11\" >\t\t\t<div class=\"textwidget\"><p>Kfz der Klasse B mit Anh\u00e4nger \u00fcber 750 kg. z.G. der Fahrzeugkombination \u00fcber 3500 kg aber max. 4250 kg. Mindestalter 18 Jahre , 17 Jahre beim Begleiteten Fahren.<\/p>\n<\/div>\n\t\t<\/div><\/div><\/div><div id=\"pg-70-6\"  class=\"panel-grid panel-no-style\" ><div id=\"pgc-70-6-0\"  class=\"panel-grid-cell\" ><div id=\"panel-70-6-0-0\" class=\"so-panel widget widget_text panel-first-child panel-last-child\" data-index=\"12\" >\t\t\t<div class=\"textwidget\"><p>BE<\/p>\n<\/div>\n\t\t<\/div><\/div><div id=\"pgc-70-6-1\"  class=\"panel-grid-cell\" ><div id=\"panel-70-6-1-0\" class=\"so-panel widget widget_text panel-first-child panel-last-child\" data-index=\"13\" >\t\t\t<div class=\"textwidget\"><p>Kfz der Klasse B mit Anh\u00e4nger ( z.G. des Anh\u00e4ngers max. 3500 kg).Mindestalter 18 Jahre , 17 Jahre beim Begleiteten Fahren.<\/p>\n<\/div>\n\t\t<\/div><\/div><\/div><div id=\"pg-70-7\"  class=\"panel-grid panel-no-style\" ><div id=\"pgc-70-7-0\"  class=\"panel-grid-cell\" ><div id=\"panel-70-7-0-0\" class=\"so-panel widget widget_text panel-first-child panel-last-child\" data-index=\"14\" >\t\t\t<div class=\"textwidget\"><p>C1<\/p>\n<\/div>\n\t\t<\/div><\/div><div id=\"pgc-70-7-1\"  class=\"panel-grid-cell\" ><div id=\"panel-70-7-1-0\" class=\"so-panel widget widget_text panel-first-child panel-last-child\" data-index=\"15\" >\t\t\t<div class=\"textwidget\"><p>Kfz mit z.G. \u00fcber 3500 kg bis max. 7500 kg. Anh\u00e4nger bis 750 kg. Mindestalter 18 Jahre.<\/p>\n<\/div>\n\t\t<\/div><\/div><\/div><div id=\"pg-70-8\"  class=\"panel-grid panel-no-style\" ><div id=\"pgc-70-8-0\"  class=\"panel-grid-cell\" ><div id=\"panel-70-8-0-0\" class=\"so-panel widget widget_text panel-first-child panel-last-child\" data-index=\"16\" >\t\t\t<div class=\"textwidget\"><p>C1E<\/p>\n<\/div>\n\t\t<\/div><\/div><div id=\"pgc-70-8-1\"  class=\"panel-grid-cell\" ><div id=\"panel-70-8-1-0\" class=\"so-panel widget widget_text panel-first-child panel-last-child\" data-index=\"17\" >\t\t\t<div class=\"textwidget\"><p>Kfz der Klasse C1 mit Anh\u00e4nger oder Sattelanh\u00e4nger mit z.G. der Fahrzeugkombination bis max. 12000 kg. Mindestalter 18 Jahre.<\/p>\n<\/div>\n\t\t<\/div><\/div><\/div><div id=\"pg-70-9\"  class=\"panel-grid panel-no-style\" ><div id=\"pgc-70-9-0\"  class=\"panel-grid-cell\" ><div id=\"panel-70-9-0-0\" class=\"so-panel widget widget_text panel-first-child panel-last-child\" data-index=\"18\" >\t\t\t<div class=\"textwidget\"><p>C<\/p>\n<\/div>\n\t\t<\/div><\/div><div id=\"pgc-70-9-1\"  class=\"panel-grid-cell\" ><div id=\"panel-70-9-1-0\" class=\"so-panel widget widget_text panel-first-child panel-last-child\" data-index=\"19\" >\t\t\t<div class=\"textwidget\"><p>Kfz mit z.G. \u00fcber 3500 kg mit Anh\u00e4nger bis 750 kg z.G. Mindestalter 21 Jahre, 18 Jahre nach erfolgter Grundqualifikation sowie f\u00fcr Personen w\u00e4hrend oder nach einer \u201espezifischen Berufsausbildung\u201c.<\/p>\n<\/div>\n\t\t<\/div><\/div><\/div><div id=\"pg-70-10\"  class=\"panel-grid panel-no-style\" ><div id=\"pgc-70-10-0\"  class=\"panel-grid-cell\" ><div id=\"panel-70-10-0-0\" class=\"so-panel widget widget_text panel-first-child panel-last-child\" data-index=\"20\" >\t\t\t<div class=\"textwidget\"><p>CE<\/p>\n<\/div>\n\t\t<\/div><\/div><div id=\"pgc-70-10-1\"  class=\"panel-grid-cell\" ><div id=\"panel-70-10-1-0\" class=\"so-panel widget widget_text panel-first-child panel-last-child\" data-index=\"21\" >\t\t\t<div class=\"textwidget\"><p>Kfz der Klasse C mit Anh\u00e4nger \u00fcber z.G. 750 kg. Mindestalter vgl. Klasse C<\/p>\n<\/div>\n\t\t<\/div><\/div><\/div><div id=\"pg-70-11\"  class=\"panel-grid panel-no-style\" ><div id=\"pgc-70-11-0\"  class=\"panel-grid-cell\" ><div id=\"panel-70-11-0-0\" class=\"so-panel widget widget_text panel-first-child panel-last-child\" data-index=\"22\" >\t\t\t<div class=\"textwidget\"><p>D1<\/p>\n<\/div>\n\t\t<\/div><\/div><div id=\"pgc-70-11-1\"  class=\"panel-grid-cell\" ><div id=\"panel-70-11-1-0\" class=\"so-panel widget widget_text panel-first-child panel-last-child\" data-index=\"23\" >\t\t\t<div class=\"textwidget\"><p>Kfz f\u00fcr mehr als 8, aber max. 16 Personen au\u00dfer dem Fahrer. L\u00e4nge Kfz max. 8m , Anh\u00e4nger bis 750 kg z.G. Mindestalter vgl. Klasse C<\/p>\n<\/div>\n\t\t<\/div><\/div><\/div><div id=\"pg-70-12\"  class=\"panel-grid panel-no-style\" ><div id=\"pgc-70-12-0\"  class=\"panel-grid-cell\" ><div id=\"panel-70-12-0-0\" class=\"so-panel widget widget_text panel-first-child panel-last-child\" data-index=\"24\" >\t\t\t<div class=\"textwidget\"><p>D1E<\/p>\n<\/div>\n\t\t<\/div><\/div><div id=\"pgc-70-12-1\"  class=\"panel-grid-cell\" ><div id=\"panel-70-12-1-0\" class=\"so-panel widget widget_text panel-first-child panel-last-child\" data-index=\"25\" >\t\t\t<div class=\"textwidget\"><p>Kfz der Klasse D1 mit Anh\u00e4nger \u00fcber 750 kg z.G. Mindestalter vgl. Klasse C<\/p>\n<\/div>\n\t\t<\/div><\/div><\/div><div id=\"pg-70-13\"  class=\"panel-grid panel-no-style\" ><div id=\"pgc-70-13-0\"  class=\"panel-grid-cell\" ><div id=\"panel-70-13-0-0\" class=\"so-panel widget widget_text panel-first-child panel-last-child\" data-index=\"26\" >\t\t\t<div class=\"textwidget\"><p>D<\/p>\n<\/div>\n\t\t<\/div><\/div><div id=\"pgc-70-13-1\"  class=\"panel-grid-cell\" ><div id=\"panel-70-13-1-0\" class=\"so-panel widget widget_text panel-first-child panel-last-child\" data-index=\"27\" >\t\t\t<div class=\"textwidget\"><p>Kfz f\u00fcr mehr als 8 Personen au\u00dfer dem Fahrer mit Anh\u00e4nger bis max. 750kg z.G. Mindestalter 18,20,21,23 oder 24 Jahre. Das Mindestalter ist abh\u00e4ngig von der T\u00e4tigkeit und Qualifikation.<\/p>\n<\/div>\n\t\t<\/div><\/div><\/div><div id=\"pg-70-14\"  class=\"panel-grid panel-no-style\" ><div id=\"pgc-70-14-0\"  class=\"panel-grid-cell\" ><div id=\"panel-70-14-0-0\" class=\"so-panel widget widget_text panel-first-child panel-last-child\" data-index=\"28\" >\t\t\t<div class=\"textwidget\"><p>DE<\/p>\n<\/div>\n\t\t<\/div><\/div><div id=\"pgc-70-14-1\"  class=\"panel-grid-cell\" ><div id=\"panel-70-14-1-0\" class=\"so-panel widget widget_text panel-first-child panel-last-child\" data-index=\"29\" >\t\t\t<div class=\"textwidget\"><p>Kfz der Klasse D mit Anh\u00e4nger \u00fcber 750 kg z.G. Mindestalter vgl. Klasse D.<\/p>\n<\/div>\n\t\t<\/div><\/div><\/div><div id=\"pg-70-15\"  class=\"panel-grid panel-no-style\" ><div id=\"pgc-70-15-0\"  class=\"panel-grid-cell\" ><div id=\"panel-70-15-0-0\" class=\"so-panel widget widget_text panel-first-child panel-last-child\" data-index=\"30\" >\t\t\t<div class=\"textwidget\"><p>T<\/p>\n<\/div>\n\t\t<\/div><\/div><div id=\"pgc-70-15-1\"  class=\"panel-grid-cell\" ><div id=\"panel-70-15-1-0\" class=\"so-panel widget widget_text panel-first-child panel-last-child\" data-index=\"31\" >\t\t\t<div class=\"textwidget\"><p>Land- und forstwirtschaftliche Zugmaschinen bis 60 km\/h bbH. F\u00fcr Fahrer unter 18 Jahre bis 40 km\/h bbH auch mit Anh\u00e4nger. Selbstfahrende Arbeitsmaschinen f\u00fcr land- und forstwirtschaftliche Zwecke sowie Futtermischwagen bis 40 km\/h bbH. auch mit Anh\u00e4nger. Mindestalter 16 Jahre<\/p>\n<\/div>\n\t\t<\/div><\/div><\/div><div id=\"pg-70-16\"  class=\"panel-grid panel-no-style\" ><div id=\"pgc-70-16-0\"  class=\"panel-grid-cell\" ><div id=\"panel-70-16-0-0\" class=\"so-panel widget widget_text panel-first-child panel-last-child\" data-index=\"32\" >\t\t\t<div class=\"textwidget\"><p>L<\/p>\n<\/div>\n\t\t<\/div><\/div><div id=\"pgc-70-16-1\"  class=\"panel-grid-cell\" ><div id=\"panel-70-16-1-0\" class=\"so-panel widget widget_text panel-first-child panel-last-child\" data-index=\"33\" >\t\t\t<div class=\"textwidget\"><p>Land- und forstwirtschaftliche Zugmaschinen bis 40 km\/h bbH. Mit Anhg\u00e4nger darf max. 25 km\/h gefahren werden. Selbstfahrende Arbeitsmaschinen f\u00fcr land- und forstwirtschaftliche Zwecke bis 25 km\/h bbH auch mit Anh\u00e4nger. Mindestalter 16 Jahre.<\/p>\n<\/div>\n\t\t<\/div><\/div><\/div><\/div>","protected":false},"excerpt":{"rendered":"<p>AM Zwei- und dreir\u00e4drige Kleinkraftr\u00e4der bis max. 45 km\/h bbH und max. 50cm\u00b3. Vierr\u00e4drige Leicht \u2013 Kfz bis max. 45 km\/h bbH und max. 50 cm\u00b3. Leermasse max. 350 kg. Mindestalter 15 Jahre. A1 Kraftr\u00e4der max. 125 cm\u00b3 bis 11 kW (15 PS) Verh\u00e4ltnis Leistung \/ Gewicht max. 0,1 kW \/ kg. Dreir\u00e4drige Kfz mit symmetrisch angeordneten R\u00e4dern bis max. 15 kW. Mindestalter 16 Jahre.<\/p>\n","protected":false},"author":1,"featured_media":0,"parent":0,"menu_order":0,"comment_status":"closed","ping_status":"closed","template":"","meta":{"footnotes":""},"_links":{"self":[{"href":"https:\/\/www.fahrschule-schoenthier.de\/index.php?rest_route=\/wp\/v2\/pages\/70"}],"collection":[{"href":"https:\/\/www.fahrschule-schoenthier.de\/index.php?rest_route=\/wp\/v2\/pages"}],"about":[{"href":"https:\/\/www.fahrschule-schoenthier.de\/index.php?rest_route=\/wp\/v2\/types\/page"}],"author":[{"embeddable":true,"href":"https:\/\/www.fahrschule-schoenthier.de\/index.php?rest_route=\/wp\/v2\/users\/1"}],"replies":[{"embeddable":true,"href":"https:\/\/www.fahrschule-schoenthier.de\/index.php?rest_route=%2Fwp%2Fv2%2Fcomments&post=70"}],"version-history":[{"count":1,"href":"https:\/\/www.fahrschule-schoenthier.de\/index.php?rest_route=\/wp\/v2\/pages\/70\/revisions"}],"predecessor-version":[{"id":71,"href":"https:\/\/www.fahrschule-schoenthier.de\/index.php?rest_route=\/wp\/v2\/pages\/70\/revisions\/71"}],"wp:attachment":[{"href":"https:\/\/www.fahrschule-schoenthier.de\/index.php?rest_route=%2Fwp%2Fv2%2Fmedia&parent=70"}],"curies":[{"name":"wp","href":"https:\/\/api.w.org\/{rel}","templated":true}]}}